{"id":1040625,"date":"2025-09-16T15:21:00","date_gmt":"2025-09-16T15:21:00","guid":{"rendered":"https:\/\/new.opensoft.sn\/?page_id=1040625"},"modified":"2025-09-16T15:22:47","modified_gmt":"2025-09-16T15:22:47","slug":"systemes-et-reseaux-3","status":"publish","type":"page","link":"https:\/\/new.opensoft.sn\/index.php\/systemes-et-reseaux-3\/","title":{"rendered":"Produits Syst\u00e8mes et r\u00e9seaux"},"content":{"rendered":"<p>{\u00ab\u00a0main-title\u00a0\u00bb:{\u00ab\u00a0component\u00a0\u00bb:\u00a0\u00bbhc_title\u00a0\u00bb,\u00a0\u00bbid\u00a0\u00bb:\u00a0\u00bbmain-title\u00a0\u00bb,\u00a0\u00bbtitle\u00a0\u00bb:\u00a0\u00bbProducts\u00a0\u00bb,\u00a0\u00bbsubtitle\u00a0\u00bb:\u00a0\u00bb\u00c9QUIPEMENTS DE SYST\u00c8MES ET R\u00c9SEAUX\u00a0\u00bb,\u00a0\u00bbtitle_content\u00a0\u00bb:{\u00ab\u00a0component\u00a0\u00bb:\u00a0\u00bbhc_title_base\u00a0\u00bb,\u00a0\u00bbid\u00a0\u00bb:\u00a0\u00bbtitle-base\u00a0\u00bb,\u00a0\u00bbimage\u00a0\u00bb:\u00a0\u00bb\u00a0\u00bb,\u00a0\u00bbbreadcrumbs\u00a0\u00bb:false,\u00a0\u00bblight\u00a0\u00bb:false,\u00a0\u00bbalignment\u00a0\u00bb:\u00a0\u00bb\u00a0\u00bb}},\u00a0\u00bbsection_5ZtkF\u00a0\u00bb:{\u00ab\u00a0component\u00a0\u00bb:\u00a0\u00bbhc_section\u00a0\u00bb,\u00a0\u00bbid\u00a0\u00bb:\u00a0\u00bbsection_5ZtkF\u00a0\u00bb,\u00a0\u00bbsection_width\u00a0\u00bb:\u00a0\u00bb\u00a0\u00bb,\u00a0\u00bbanimation\u00a0\u00bb:\u00a0\u00bb\u00a0\u00bb,\u00a0\u00bbanimation_time\u00a0\u00bb:\u00a0\u00bb\u00a0\u00bb,\u00a0\u00bbtimeline_animation\u00a0\u00bb:\u00a0\u00bb\u00a0\u00bb,\u00a0\u00bbtimeline_delay\u00a0\u00bb:\u00a0\u00bb\u00a0\u00bb,\u00a0\u00bbtimeline_order\u00a0\u00bb:\u00a0\u00bb\u00a0\u00bb,\u00a0\u00bbvertical_row\u00a0\u00bb:\u00a0\u00bb\u00a0\u00bb,\u00a0\u00bbcss_classes\u00a0\u00bb:\u00a0\u00bb\u00a0\u00bb,\u00a0\u00bbcustom_css_classes\u00a0\u00bb:\u00a0\u00bb\u00a0\u00bb,\u00a0\u00bbcustom_css_styles\u00a0\u00bb:\u00a0\u00bb\u00a0\u00bb,\u00a0\u00bbsection_content\u00a0\u00bb:[{\u00ab\u00a0component\u00a0\u00bb:\u00a0\u00bbhc_column\u00a0\u00bb,\u00a0\u00bbid\u00a0\u00bb:\u00a0\u00bbcolumn_Jaxe4&Prime;,\u00a0\u00bbcolumn_width\u00a0\u00bb:\u00a0\u00bbcol-md-8&Prime;,\u00a0\u00bbanimation\u00a0\u00bb:\u00a0\u00bb\u00a0\u00bb,\u00a0\u00bbanimation_time\u00a0\u00bb:\u00a0\u00bb\u00a0\u00bb,\u00a0\u00bbtimeline_animation\u00a0\u00bb:\u00a0\u00bb\u00a0\u00bb,\u00a0\u00bbtimeline_delay\u00a0\u00bb:\u00a0\u00bb\u00a0\u00bb,\u00a0\u00bbtimeline_order\u00a0\u00bb:\u00a0\u00bb\u00a0\u00bb,\u00a0\u00bbcss_classes\u00a0\u00bb:\u00a0\u00bb\u00a0\u00bb,\u00a0\u00bbcustom_css_classes\u00a0\u00bb:\u00a0\u00bb\u00a0\u00bb,\u00a0\u00bbcustom_css_styles\u00a0\u00bb:\u00a0\u00bb\u00a0\u00bb,\u00a0\u00bbmain_content\u00a0\u00bb:[{\u00ab\u00a0component\u00a0\u00bb:\u00a0\u00bbhc_tab\u00a0\u00bb,\u00a0\u00bbid\u00a0\u00bb:\u00a0\u00bbOmnZt\u00a0\u00bb,\u00a0\u00bbcss_classes\u00a0\u00bb:\u00a0\u00bb\u00a0\u00bb,\u00a0\u00bbcustom_css_classes\u00a0\u00bb:\u00a0\u00bb\u00a0\u00bb,\u00a0\u00bbcustom_css_styles\u00a0\u00bb:\u00a0\u00bb\u00a0\u00bb,\u00a0\u00bbname_1&Prime;:\u00a0\u00bb\u00c9QUIPEMENTS DE SYST\u00c8MES ET R\u00c9SEAUX\u00a0\u00bb,\u00a0\u00bbicon_1&Prime;:\u00a0\u00bb\u00a0\u00bb,\u00a0\u00bbicon_style_1&Prime;:\u00a0\u00bb\u00a0\u00bb,\u00a0\u00bbicon_image_1&Prime;:\u00a0\u00bb\u00a0\u00bb,\u00a0\u00bbcontent_1&Prime;:[{\u00ab\u00a0component\u00a0\u00bb:\u00a0\u00bbhc_pt_grid_list\u00a0\u00bb,\u00a0\u00bbid\u00a0\u00bb:\u00a0\u00bb0nMtM\u00a0\u00bb,\u00a0\u00bbcss_classes\u00a0\u00bb:\u00a0\u00bb\u00a0\u00bb,\u00a0\u00bbcustom_css_classes\u00a0\u00bb:\u00a0\u00bb\u00a0\u00bb,\u00a0\u00bbcustom_css_styles\u00a0\u00bb:\u00a0\u00bb\u00a0\u00bb,\u00a0\u00bbpost_type_slug\u00a0\u00bb:\u00a0\u00bbproducts\u00a0\u00bb,\u00a0\u00bbpost_type_category\u00a0\u00bb:\u00a0\u00bbsystemes-et-reseaux\u00a0\u00bb,\u00a0\u00bbcolumn\u00a0\u00bb:\u00a0\u00bb2&Prime;,\u00a0\u00bbcolumn_lg\u00a0\u00bb:\u00a0\u00bb1&Prime;,\u00a0\u00bbcolumn_md\u00a0\u00bb:\u00a0\u00bb1&Prime;,\u00a0\u00bbcolumn_sm\u00a0\u00bb:\u00a0\u00bb1&Prime;,\u00a0\u00bbcolumn_xs\u00a0\u00bb:\u00a0\u00bb1&Prime;,\u00a0\u00bbmargins\u00a0\u00bb:\u00a0\u00bb\u00a0\u00bb,\u00a0\u00bbpag_type\u00a0\u00bb:\u00a0\u00bbpagination\u00a0\u00bb,\u00a0\u00bbpag_items\u00a0\u00bb:\u00a0\u00bb12&Prime;,\u00a0\u00bbpag_size\u00a0\u00bb:\u00a0\u00bbpagination-lg\u00a0\u00bb,\u00a0\u00bbpag_animation\u00a0\u00bb:\u00a0\u00bbfade-bottom\u00a0\u00bb,\u00a0\u00bbpag_scroll_top\u00a0\u00bb:false,\u00a0\u00bbpag_position\u00a0\u00bb:\u00a0\u00bb\u00a0\u00bb,\u00a0\u00bbpag_button_prev\u00a0\u00bb:\u00a0\u00bb\u00a0\u00bb,\u00a0\u00bbpag_button_next\u00a0\u00bb:\u00a0\u00bb\u00a0\u00bb,\u00a0\u00bblm_lazy\u00a0\u00bb:false,\u00a0\u00bblm_button_text\u00a0\u00bb:\u00a0\u00bb\u00a0\u00bb,\u00a0\u00bbbox\u00a0\u00bb:\u00a0\u00bbimage_classic_box\u00a0\u00bb,\u00a0\u00bbboxed\u00a0\u00bb:true,\u00a0\u00bbextra\u00a0\u00bb:true,\u00a0\u00bbcontent\u00a0\u00bb:\u00a0\u00bb\u00a0\u00bb,\u00a0\u00bbtitle_length\u00a0\u00bb:\u00a0\u00bb\u00a0\u00bb,\u00a0\u00bbexcerpt_length\u00a0\u00bb:\u00a0\u00bb\u00a0\u00bb,\u00a0\u00bbtitle_size\u00a0\u00bb:\u00a0\u00bb\u00a0\u00bb,\u00a0\u00bbcustom_css\u00a0\u00bb:\u00a0\u00bb\u00a0\u00bb,\u00a0\u00bbbutton_text\u00a0\u00bb:\u00a0\u00bb\u00a0\u00bb,\u00a0\u00bbbutton_style\u00a0\u00bb:\u00a0\u00bbhidden\u00a0\u00bb,\u00a0\u00bbbutton_dimensions\u00a0\u00bb:\u00a0\u00bbbtn-xs\u00a0\u00bb,\u00a0\u00bbbutton_animation\u00a0\u00bb:false,\u00a0\u00bbbutton_icon\u00a0\u00bb:\u00a0\u00bb\u00a0\u00bb}],\u00a0\u00bbname_2&Prime;:\u00a0\u00bb\u00a0\u00bb,\u00a0\u00bbicon_2&Prime;:\u00a0\u00bb\u00a0\u00bb,\u00a0\u00bbicon_style_2&Prime;:\u00a0\u00bb\u00a0\u00bb,\u00a0\u00bbicon_image_2&Prime;:\u00a0\u00bb\u00a0\u00bb,\u00a0\u00bbcontent_2&Prime;:[],\u00a0\u00bbname_3&Prime;:\u00a0\u00bb\u00a0\u00bb,\u00a0\u00bbicon_3&Prime;:\u00a0\u00bb\u00a0\u00bb,\u00a0\u00bbicon_style_3&Prime;:\u00a0\u00bb\u00a0\u00bb,\u00a0\u00bbicon_image_3&Prime;:\u00a0\u00bb\u00a0\u00bb,\u00a0\u00bbcontent_3&Prime;:[],\u00a0\u00bbname_4&Prime;:\u00a0\u00bb\u00a0\u00bb,\u00a0\u00bbicon_4&Prime;:\u00a0\u00bb\u00a0\u00bb,\u00a0\u00bbicon_style_4&Prime;:\u00a0\u00bb\u00a0\u00bb,\u00a0\u00bbicon_image_4&Prime;:\u00a0\u00bb\u00a0\u00bb,\u00a0\u00bbcontent_4&Prime;:[],\u00a0\u00bbname_5&Prime;:\u00a0\u00bb\u00a0\u00bb,\u00a0\u00bbicon_5&Prime;:\u00a0\u00bb\u00a0\u00bb,\u00a0\u00bbicon_style_5&Prime;:\u00a0\u00bb\u00a0\u00bb,\u00a0\u00bbicon_image_5&Prime;:\u00a0\u00bb\u00a0\u00bb,\u00a0\u00bbcontent_5&Prime;:[],\u00a0\u00bbname_6&Prime;:\u00a0\u00bb\u00a0\u00bb,\u00a0\u00bbicon_6&Prime;:\u00a0\u00bb\u00a0\u00bb,\u00a0\u00bbicon_style_6&Prime;:\u00a0\u00bb\u00a0\u00bb,\u00a0\u00bbicon_image_6&Prime;:\u00a0\u00bb\u00a0\u00bb,\u00a0\u00bbcontent_6&Prime;:[],\u00a0\u00bbname_7&Prime;:\u00a0\u00bb\u00a0\u00bb,\u00a0\u00bbicon_7&Prime;:\u00a0\u00bb\u00a0\u00bb,\u00a0\u00bbicon_style_7&Prime;:\u00a0\u00bb\u00a0\u00bb,\u00a0\u00bbicon_image_7&Prime;:\u00a0\u00bb\u00a0\u00bb,\u00a0\u00bbcontent_7&Prime;:[],\u00a0\u00bbname_8&Prime;:\u00a0\u00bb\u00a0\u00bb,\u00a0\u00bbicon_8&Prime;:\u00a0\u00bb\u00a0\u00bb,\u00a0\u00bbicon_style_8&Prime;:\u00a0\u00bb\u00a0\u00bb,\u00a0\u00bbicon_image_8&Prime;:\u00a0\u00bb\u00a0\u00bb,\u00a0\u00bbcontent_8&Prime;:[],\u00a0\u00bbstyle\u00a0\u00bb:\u00a0\u00bb\u00a0\u00bb,\u00a0\u00bbalignment\u00a0\u00bb:\u00a0\u00bb\u00a0\u00bb,\u00a0\u00bbtab_animation\u00a0\u00bb:\u00a0\u00bb\u00a0\u00bb}]},{\u00ab\u00a0component\u00a0\u00bb:\u00a0\u00bbhc_column\u00a0\u00bb,\u00a0\u00bbid\u00a0\u00bb:\u00a0\u00bbcolumn_5qJmN\u00a0\u00bb,\u00a0\u00bbcolumn_width\u00a0\u00bb:\u00a0\u00bbcol-md-4&Prime;,\u00a0\u00bbanimation\u00a0\u00bb:\u00a0\u00bb\u00a0\u00bb,\u00a0\u00bbanimation_time\u00a0\u00bb:\u00a0\u00bb\u00a0\u00bb,\u00a0\u00bbtimeline_animation\u00a0\u00bb:\u00a0\u00bb\u00a0\u00bb,\u00a0\u00bbtimeline_delay\u00a0\u00bb:\u00a0\u00bb\u00a0\u00bb,\u00a0\u00bbtimeline_order\u00a0\u00bb:\u00a0\u00bb\u00a0\u00bb,\u00a0\u00bbcss_classes\u00a0\u00bb:\u00a0\u00bb\u00a0\u00bb,\u00a0\u00bbcustom_css_classes\u00a0\u00bb:\u00a0\u00bb\u00a0\u00bb,\u00a0\u00bbcustom_css_styles\u00a0\u00bb:\u00a0\u00bb\u00a0\u00bb,\u00a0\u00bbmain_content\u00a0\u00bb:[{\u00ab\u00a0component\u00a0\u00bb:\u00a0\u00bbhc_space\u00a0\u00bb,\u00a0\u00bbid\u00a0\u00bb:\u00a0\u00bbjCPCc\u00a0\u00bb,\u00a0\u00bbcss_classes\u00a0\u00bb:\u00a0\u00bb\u00a0\u00bb,\u00a0\u00bbcustom_css_classes\u00a0\u00bb:\u00a0\u00bb\u00a0\u00bb,\u00a0\u00bbcustom_css_styles\u00a0\u00bb:\u00a0\u00bb\u00a0\u00bb,\u00a0\u00bbsize\u00a0\u00bb:\u00a0\u00bbspace-lg\u00a0\u00bb,\u00a0\u00bbheight\u00a0\u00bb:\u00a0\u00bb\u00a0\u00bb},{\u00ab\u00a0component\u00a0\u00bb:\u00a0\u00bbhc_inner_menu\u00a0\u00bb,\u00a0\u00bbid\u00a0\u00bb:\u00a0\u00bb72Dn7&Prime;,\u00a0\u00bbcss_classes\u00a0\u00bb:\u00a0\u00bb\u00a0\u00bb,\u00a0\u00bbcustom_css_classes\u00a0\u00bb:\u00a0\u00bb\u00a0\u00bb,\u00a0\u00bbcustom_css_styles\u00a0\u00bb:\u00a0\u00bb\u00a0\u00bb,\u00a0\u00bbrows\u00a0\u00bb:[{\u00ab\u00a0component\u00a0\u00bb:\u00a0\u00bbrepeater_item\u00a0\u00bb,\u00a0\u00bbid\u00a0\u00bb:\u00a0\u00bbCIQqB\u00a0\u00bb,\u00a0\u00bbchild\u00a0\u00bb:\u00a0\u00bb\u00a0\u00bb,\u00a0\u00bbicon\u00a0\u00bb:\u00a0\u00bbim-arrow-turnright\u00a0\u00bb,\u00a0\u00bbtext\u00a0\u00bb:\u00a0\u00bbTOUS LES PRODUITS\u00a0\u00bb,\u00a0\u00bblink\u00a0\u00bb:\u00a0\u00bbhttps:\/\/new.opensoft.sn\/index.php\/products\/\u00a0\u00bb},{\u00ab\u00a0component\u00a0\u00bb:\u00a0\u00bbrepeater_item\u00a0\u00bb,\u00a0\u00bbid\u00a0\u00bb:\u00a0\u00bbE33rL\u00a0\u00bb,\u00a0\u00bbchild\u00a0\u00bb:\u00a0\u00bb\u00a0\u00bb,\u00a0\u00bbicon\u00a0\u00bb:\u00a0\u00bbim-arrow-turnright\u00a0\u00bb,\u00a0\u00bbtext\u00a0\u00bb:\u00a0\u00bbCONTR\u00d4LE ET SURVEILLANCE\u00a0\u00bb,\u00a0\u00bblink\u00a0\u00bb:\u00a0\u00bbhttps:\/\/new.opensoft.sn\/index.php\/controle-et-surveillance\/\u00a0\u00bb},{\u00ab\u00a0component\u00a0\u00bb:\u00a0\u00bbrepeater_item\u00a0\u00bb,\u00a0\u00bbid\u00a0\u00bb:\u00a0\u00bb8HUgW\u00a0\u00bb,\u00a0\u00bbchild\u00a0\u00bb:\u00a0\u00bb\u00a0\u00bb,\u00a0\u00bbicon\u00a0\u00bb:\u00a0\u00bbim-arrow-turnright\u00a0\u00bb,\u00a0\u00bbtext\u00a0\u00bb:\u00a0\u00bbS\u00c9CURIT\u00c9\u00a0\u00bb,\u00a0\u00bblink\u00a0\u00bb:\u00a0\u00bbhttps:\/\/new.opensoft.sn\/index.php\/produits-de-securite\/\u00a0\u00bb}],\u00a0\u00bbtype\u00a0\u00bb:\u00a0\u00bbvertical\u00a0\u00bb,\u00a0\u00bbalignment\u00a0\u00bb:\u00a0\u00bb\u00a0\u00bb,\u00a0\u00bbactive_item\u00a0\u00bb:\u00a0\u00bb0&Prime;},{\u00ab\u00a0component\u00a0\u00bb:\u00a0\u00bbhc_image\u00a0\u00bb,\u00a0\u00bbid\u00a0\u00bb:\u00a0\u00bbdJCiE\u00a0\u00bb,\u00a0\u00bbcss_classes\u00a0\u00bb:\u00a0\u00bb\u00a0\u00bb,\u00a0\u00bbcustom_css_classes\u00a0\u00bb:\u00a0\u00bb\u00a0\u00bb,\u00a0\u00bbcustom_css_styles\u00a0\u00bb:\u00a0\u00bb\u00a0\u00bb,\u00a0\u00bbimage\u00a0\u00bb:\u00a0\u00bbhttps:\/\/new.opensoft.sn\/wp-content\/uploads\/2025\/09\/uap-ac-pro-1-1024&#215;1024.webp|1501|1501|1040532&Prime;,\u00a0\u00bbalt\u00a0\u00bb:\u00a0\u00bb\u00a0\u00bb,\u00a0\u00bbthumb_size\u00a0\u00bb:\u00a0\u00bbfull\u00a0\u00bb}]}],\u00a0\u00bbsection_settings\u00a0\u00bb:\u00a0\u00bb\u00a0\u00bb},\u00a0\u00bbscripts\u00a0\u00bb:{\u00ab\u00a0components\u00a0\u00bb:\u00a0\u00bbtab-accordion.js\u00a0\u00bb,\u00a0\u00bbpagination\u00a0\u00bb:\u00a0\u00bbpagination.min.js\u00a0\u00bb},\u00a0\u00bbcss\u00a0\u00bb:{\u00ab\u00a0content_box\u00a0\u00bb:\u00a0\u00bbcss\/content-box.css\u00a0\u00bb,\u00a0\u00bbmedia_box\u00a0\u00bb:\u00a0\u00bbcss\/media-box.css\u00a0\u00bb},\u00a0\u00bbcss_page\u00a0\u00bb:\u00a0\u00bb\u00a0\u00bb,\u00a0\u00bbtemplate_setting\u00a0\u00bb:{},\u00a0\u00bbtemplate_setting_top\u00a0\u00bb:{},\u00a0\u00bbpage_setting\u00a0\u00bb:{\u00ab\u00a0settings\u00a0\u00bb:[\u00ab\u00a0lock-mode-off\u00a0\u00bb,\u00a0\u00bbinner_menu\u00a0\u00bb]}}<\/p>\n","protected":false},"excerpt":{"rendered":"<p>{\u00ab\u00a0main-title\u00a0\u00bb:{\u00ab\u00a0component\u00a0\u00bb:\u00a0\u00bbhc_title\u00a0\u00bb,\u00a0\u00bbid\u00a0\u00bb:\u00a0\u00bbmain-title\u00a0\u00bb,\u00a0\u00bbtitle\u00a0\u00bb:\u00a0\u00bbProducts\u00a0\u00bb,\u00a0\u00bbsubtitle\u00a0\u00bb:\u00a0\u00bb\u00c9QUIPEMENTS DE SYST\u00c8MES ET R\u00c9SEAUX\u00a0\u00bb,\u00a0\u00bbtitle_content\u00a0\u00bb:{\u00ab\u00a0component\u00a0\u00bb:\u00a0\u00bbhc_title_base\u00a0\u00bb,\u00a0\u00bbid\u00a0\u00bb:\u00a0\u00bbtitle-base\u00a0\u00bb,\u00a0\u00bbimage\u00a0\u00bb:\u00a0\u00bb\u00a0\u00bb,\u00a0\u00bbbreadcrumbs\u00a0\u00bb:false,\u00a0\u00bblight\u00a0\u00bb:false,\u00a0\u00bbalignment\u00a0\u00bb:\u00a0\u00bb\u00a0\u00bb}},\u00a0\u00bbsection_5ZtkF\u00a0\u00bb:{\u00ab\u00a0component\u00a0\u00bb:\u00a0\u00bbhc_section\u00a0\u00bb,\u00a0\u00bbid\u00a0\u00bb:\u00a0\u00bbsection_5ZtkF\u00a0\u00bb,\u00a0\u00bbsection_width\u00a0\u00bb:\u00a0\u00bb\u00a0\u00bb,\u00a0\u00bbanimation\u00a0\u00bb:\u00a0\u00bb\u00a0\u00bb,\u00a0\u00bbanimation_time\u00a0\u00bb:\u00a0\u00bb\u00a0\u00bb,\u00a0\u00bbtimeline_animation\u00a0\u00bb:\u00a0\u00bb\u00a0\u00bb,\u00a0\u00bbtimeline_delay\u00a0\u00bb:\u00a0\u00bb\u00a0\u00bb,\u00a0\u00bbtimeline_order\u00a0\u00bb:\u00a0\u00bb\u00a0\u00bb,\u00a0\u00bbvertical_row\u00a0\u00bb:\u00a0\u00bb\u00a0\u00bb,\u00a0\u00bbcss_classes\u00a0\u00bb:\u00a0\u00bb\u00a0\u00bb,\u00a0\u00bbcustom_css_classes\u00a0\u00bb:\u00a0\u00bb\u00a0\u00bb,\u00a0\u00bbcustom_css_styles\u00a0\u00bb:\u00a0\u00bb\u00a0\u00bb,\u00a0\u00bbsection_content\u00a0\u00bb:[{\u00ab\u00a0component\u00a0\u00bb:\u00a0\u00bbhc_column\u00a0\u00bb,\u00a0\u00bbid\u00a0\u00bb:\u00a0\u00bbcolumn_Jaxe4&Prime;,\u00a0\u00bbcolumn_width\u00a0\u00bb:\u00a0\u00bbcol-md-8&Prime;,\u00a0\u00bbanimation\u00a0\u00bb:\u00a0\u00bb\u00a0\u00bb,\u00a0\u00bbanimation_time\u00a0\u00bb:\u00a0\u00bb\u00a0\u00bb,\u00a0\u00bbtimeline_animation\u00a0\u00bb:\u00a0\u00bb\u00a0\u00bb,\u00a0\u00bbtimeline_delay\u00a0\u00bb:\u00a0\u00bb\u00a0\u00bb,\u00a0\u00bbtimeline_order\u00a0\u00bb:\u00a0\u00bb\u00a0\u00bb,\u00a0\u00bbcss_classes\u00a0\u00bb:\u00a0\u00bb\u00a0\u00bb,\u00a0\u00bbcustom_css_classes\u00a0\u00bb:\u00a0\u00bb\u00a0\u00bb,\u00a0\u00bbcustom_css_styles\u00a0\u00bb:\u00a0\u00bb\u00a0\u00bb,\u00a0\u00bbmain_content\u00a0\u00bb:[{\u00ab\u00a0component\u00a0\u00bb:\u00a0\u00bbhc_tab\u00a0\u00bb,\u00a0\u00bbid\u00a0\u00bb:\u00a0\u00bbOmnZt\u00a0\u00bb,\u00a0\u00bbcss_classes\u00a0\u00bb:\u00a0\u00bb\u00a0\u00bb,\u00a0\u00bbcustom_css_classes\u00a0\u00bb:\u00a0\u00bb\u00a0\u00bb,\u00a0\u00bbcustom_css_styles\u00a0\u00bb:\u00a0\u00bb\u00a0\u00bb,\u00a0\u00bbname_1&Prime;:\u00a0\u00bb\u00c9QUIPEMENTS DE SYST\u00c8MES ET R\u00c9SEAUX\u00a0\u00bb,\u00a0\u00bbicon_1&Prime;:\u00a0\u00bb\u00a0\u00bb,\u00a0\u00bbicon_style_1&Prime;:\u00a0\u00bb\u00a0\u00bb,\u00a0\u00bbicon_image_1&Prime;:\u00a0\u00bb\u00a0\u00bb,\u00a0\u00bbcontent_1&Prime;:[{\u00ab\u00a0component\u00a0\u00bb:\u00a0\u00bbhc_pt_grid_list\u00a0\u00bb,\u00a0\u00bbid\u00a0\u00bb:\u00a0\u00bb0nMtM\u00a0\u00bb,\u00a0\u00bbcss_classes\u00a0\u00bb:\u00a0\u00bb\u00a0\u00bb,\u00a0\u00bbcustom_css_classes\u00a0\u00bb:\u00a0\u00bb\u00a0\u00bb,\u00a0\u00bbcustom_css_styles\u00a0\u00bb:\u00a0\u00bb\u00a0\u00bb,\u00a0\u00bbpost_type_slug\u00a0\u00bb:\u00a0\u00bbproducts\u00a0\u00bb,\u00a0\u00bbpost_type_category\u00a0\u00bb:\u00a0\u00bbsystemes-et-reseaux\u00a0\u00bb,\u00a0\u00bbcolumn\u00a0\u00bb:\u00a0\u00bb2&Prime;,\u00a0\u00bbcolumn_lg\u00a0\u00bb:\u00a0\u00bb1&Prime;,\u00a0\u00bbcolumn_md\u00a0\u00bb:\u00a0\u00bb1&Prime;,\u00a0\u00bbcolumn_sm\u00a0\u00bb:\u00a0\u00bb1&Prime;,\u00a0\u00bbcolumn_xs\u00a0\u00bb:\u00a0\u00bb1&Prime;,\u00a0\u00bbmargins\u00a0\u00bb:\u00a0\u00bb\u00a0\u00bb,\u00a0\u00bbpag_type\u00a0\u00bb:\u00a0\u00bbpagination\u00a0\u00bb,\u00a0\u00bbpag_items\u00a0\u00bb:\u00a0\u00bb12&Prime;,\u00a0\u00bbpag_size\u00a0\u00bb:\u00a0\u00bbpagination-lg\u00a0\u00bb,\u00a0\u00bbpag_animation\u00a0\u00bb:\u00a0\u00bbfade-bottom\u00a0\u00bb,\u00a0\u00bbpag_scroll_top\u00a0\u00bb:false,\u00a0\u00bbpag_position\u00a0\u00bb:\u00a0\u00bb\u00a0\u00bb,\u00a0\u00bbpag_button_prev\u00a0\u00bb:\u00a0\u00bb\u00a0\u00bb,\u00a0\u00bbpag_button_next\u00a0\u00bb:\u00a0\u00bb\u00a0\u00bb,\u00a0\u00bblm_lazy\u00a0\u00bb:false,\u00a0\u00bblm_button_text\u00a0\u00bb:\u00a0\u00bb\u00a0\u00bb,\u00a0\u00bbbox\u00a0\u00bb:\u00a0\u00bbimage_classic_box\u00a0\u00bb,\u00a0\u00bbboxed\u00a0\u00bb:true,\u00a0\u00bbextra\u00a0\u00bb:true,\u00a0\u00bbcontent\u00a0\u00bb:\u00a0\u00bb\u00a0\u00bb,\u00a0\u00bbtitle_length\u00a0\u00bb:\u00a0\u00bb\u00a0\u00bb,\u00a0\u00bbexcerpt_length\u00a0\u00bb:\u00a0\u00bb\u00a0\u00bb,\u00a0\u00bbtitle_size\u00a0\u00bb:\u00a0\u00bb\u00a0\u00bb,\u00a0\u00bbcustom_css\u00a0\u00bb:\u00a0\u00bb\u00a0\u00bb,\u00a0\u00bbbutton_text\u00a0\u00bb:\u00a0\u00bb\u00a0\u00bb,\u00a0\u00bbbutton_style\u00a0\u00bb:\u00a0\u00bbhidden\u00a0\u00bb,\u00a0\u00bbbutton_dimensions\u00a0\u00bb:\u00a0\u00bbbtn-xs\u00a0\u00bb,\u00a0\u00bbbutton_animation\u00a0\u00bb:false,\u00a0\u00bbbutton_icon\u00a0\u00bb:\u00a0\u00bb\u00a0\u00bb}],\u00a0\u00bbname_2&Prime;:\u00a0\u00bb\u00a0\u00bb,\u00a0\u00bbicon_2&Prime;:\u00a0\u00bb\u00a0\u00bb,\u00a0\u00bbicon_style_2&Prime;:\u00a0\u00bb\u00a0\u00bb,\u00a0\u00bbicon_image_2&Prime;:\u00a0\u00bb\u00a0\u00bb,\u00a0\u00bbcontent_2&Prime;:[],\u00a0\u00bbname_3&Prime;:\u00a0\u00bb\u00a0\u00bb,\u00a0\u00bbicon_3&Prime;:\u00a0\u00bb\u00a0\u00bb,\u00a0\u00bbicon_style_3&Prime;:\u00a0\u00bb\u00a0\u00bb,\u00a0\u00bbicon_image_3&Prime;:\u00a0\u00bb\u00a0\u00bb,\u00a0\u00bbcontent_3&Prime;:[],\u00a0\u00bbname_4&Prime;:\u00a0\u00bb\u00a0\u00bb,\u00a0\u00bbicon_4&Prime;:\u00a0\u00bb\u00a0\u00bb,\u00a0\u00bbicon_style_4&Prime;:\u00a0\u00bb\u00a0\u00bb,\u00a0\u00bbicon_image_4&Prime;:\u00a0\u00bb\u00a0\u00bb,\u00a0\u00bbcontent_4&Prime;:[],\u00a0\u00bbname_5&Prime;:\u00a0\u00bb\u00a0\u00bb,\u00a0\u00bbicon_5&Prime;:\u00a0\u00bb\u00a0\u00bb,\u00a0\u00bbicon_style_5&Prime;:\u00a0\u00bb\u00a0\u00bb,\u00a0\u00bbicon_image_5&Prime;:\u00a0\u00bb\u00a0\u00bb,\u00a0\u00bbcontent_5&Prime;:[],\u00a0\u00bbname_6&Prime;:\u00a0\u00bb\u00a0\u00bb,\u00a0\u00bbicon_6&Prime;:\u00a0\u00bb\u00a0\u00bb,\u00a0\u00bbicon_style_6&Prime;:\u00a0\u00bb\u00a0\u00bb,\u00a0\u00bbicon_image_6&Prime;:\u00a0\u00bb\u00a0\u00bb,\u00a0\u00bbcontent_6&Prime;:[],\u00a0\u00bbname_7&Prime;:\u00a0\u00bb\u00a0\u00bb,\u00a0\u00bbicon_7&Prime;:\u00a0\u00bb\u00a0\u00bb,\u00a0\u00bbicon_style_7&Prime;:\u00a0\u00bb\u00a0\u00bb,\u00a0\u00bbicon_image_7&Prime;:\u00a0\u00bb\u00a0\u00bb,\u00a0\u00bbcontent_7&Prime;:[],\u00a0\u00bbname_8&Prime;:\u00a0\u00bb\u00a0\u00bb,\u00a0\u00bbicon_8&Prime;:\u00a0\u00bb\u00a0\u00bb,\u00a0\u00bbicon_style_8&Prime;:\u00a0\u00bb\u00a0\u00bb,\u00a0\u00bbicon_image_8&Prime;:\u00a0\u00bb\u00a0\u00bb,\u00a0\u00bbcontent_8&Prime;:[],\u00a0\u00bbstyle\u00a0\u00bb:\u00a0\u00bb\u00a0\u00bb,\u00a0\u00bbalignment\u00a0\u00bb:\u00a0\u00bb\u00a0\u00bb,\u00a0\u00bbtab_animation\u00a0\u00bb:\u00a0\u00bb\u00a0\u00bb}]},{\u00ab\u00a0component\u00a0\u00bb:\u00a0\u00bbhc_column\u00a0\u00bb,\u00a0\u00bbid\u00a0\u00bb:\u00a0\u00bbcolumn_5qJmN\u00a0\u00bb,\u00a0\u00bbcolumn_width\u00a0\u00bb:\u00a0\u00bbcol-md-4&Prime;,\u00a0\u00bbanimation\u00a0\u00bb:\u00a0\u00bb\u00a0\u00bb,\u00a0\u00bbanimation_time\u00a0\u00bb:\u00a0\u00bb\u00a0\u00bb,\u00a0\u00bbtimeline_animation\u00a0\u00bb:\u00a0\u00bb\u00a0\u00bb,\u00a0\u00bbtimeline_delay\u00a0\u00bb:\u00a0\u00bb\u00a0\u00bb,\u00a0\u00bbtimeline_order\u00a0\u00bb:\u00a0\u00bb\u00a0\u00bb,\u00a0\u00bbcss_classes\u00a0\u00bb:\u00a0\u00bb\u00a0\u00bb,\u00a0\u00bbcustom_css_classes\u00a0\u00bb:\u00a0\u00bb\u00a0\u00bb,\u00a0\u00bbcustom_css_styles\u00a0\u00bb:\u00a0\u00bb\u00a0\u00bb,\u00a0\u00bbmain_content\u00a0\u00bb:[{\u00ab\u00a0component\u00a0\u00bb:\u00a0\u00bbhc_space\u00a0\u00bb,\u00a0\u00bbid\u00a0\u00bb:\u00a0\u00bbjCPCc\u00a0\u00bb,\u00a0\u00bbcss_classes\u00a0\u00bb:\u00a0\u00bb\u00a0\u00bb,\u00a0\u00bbcustom_css_classes\u00a0\u00bb:\u00a0\u00bb\u00a0\u00bb,\u00a0\u00bbcustom_css_styles\u00a0\u00bb:\u00a0\u00bb\u00a0\u00bb,\u00a0\u00bbsize\u00a0\u00bb:\u00a0\u00bbspace-lg\u00a0\u00bb,\u00a0\u00bbheight\u00a0\u00bb:\u00a0\u00bb\u00a0\u00bb},{\u00ab\u00a0component\u00a0\u00bb:\u00a0\u00bbhc_inner_menu\u00a0\u00bb,\u00a0\u00bbid\u00a0\u00bb:\u00a0\u00bb72Dn7&Prime;,\u00a0\u00bbcss_classes\u00a0\u00bb:\u00a0\u00bb\u00a0\u00bb,\u00a0\u00bbcustom_css_classes\u00a0\u00bb:\u00a0\u00bb\u00a0\u00bb,\u00a0\u00bbcustom_css_styles\u00a0\u00bb:\u00a0\u00bb\u00a0\u00bb,\u00a0\u00bbrows\u00a0\u00bb:[{\u00ab\u00a0component\u00a0\u00bb:\u00a0\u00bbrepeater_item\u00a0\u00bb,\u00a0\u00bbid\u00a0\u00bb:\u00a0\u00bbCIQqB\u00a0\u00bb,\u00a0\u00bbchild\u00a0\u00bb:\u00a0\u00bb\u00a0\u00bb,\u00a0\u00bbicon\u00a0\u00bb:\u00a0\u00bbim-arrow-turnright\u00a0\u00bb,\u00a0\u00bbtext\u00a0\u00bb:\u00a0\u00bbTOUS LES PRODUITS\u00a0\u00bb,\u00a0\u00bblink\u00a0\u00bb:\u00a0\u00bbhttps:\/\/new.opensoft.sn\/index.php\/products\/\u00a0\u00bb},{\u00ab\u00a0component\u00a0\u00bb:\u00a0\u00bbrepeater_item\u00a0\u00bb,\u00a0\u00bbid\u00a0\u00bb:\u00a0\u00bbE33rL\u00a0\u00bb,\u00a0\u00bbchild\u00a0\u00bb:\u00a0\u00bb\u00a0\u00bb,\u00a0\u00bbicon\u00a0\u00bb:\u00a0\u00bbim-arrow-turnright\u00a0\u00bb,\u00a0\u00bbtext\u00a0\u00bb:\u00a0\u00bbCONTR\u00d4LE ET SURVEILLANCE\u00a0\u00bb,\u00a0\u00bblink\u00a0\u00bb:\u00a0\u00bbhttps:\/\/new.opensoft.sn\/index.php\/controle-et-surveillance\/\u00a0\u00bb},{\u00ab\u00a0component\u00a0\u00bb:\u00a0\u00bbrepeater_item\u00a0\u00bb,\u00a0\u00bbid\u00a0\u00bb:\u00a0\u00bb8HUgW\u00a0\u00bb,\u00a0\u00bbchild\u00a0\u00bb:\u00a0\u00bb\u00a0\u00bb,\u00a0\u00bbicon\u00a0\u00bb:\u00a0\u00bbim-arrow-turnright\u00a0\u00bb,\u00a0\u00bbtext\u00a0\u00bb:\u00a0\u00bbS\u00c9CURIT\u00c9\u00a0\u00bb,\u00a0\u00bblink\u00a0\u00bb:\u00a0\u00bbhttps:\/\/new.opensoft.sn\/index.php\/produits-de-securite\/\u00a0\u00bb}],\u00a0\u00bbtype\u00a0\u00bb:\u00a0\u00bbvertical\u00a0\u00bb,\u00a0\u00bbalignment\u00a0\u00bb:\u00a0\u00bb\u00a0\u00bb,\u00a0\u00bbactive_item\u00a0\u00bb:\u00a0\u00bb0&Prime;},{\u00ab\u00a0component\u00a0\u00bb:\u00a0\u00bbhc_image\u00a0\u00bb,\u00a0\u00bbid\u00a0\u00bb:\u00a0\u00bbdJCiE\u00a0\u00bb,\u00a0\u00bbcss_classes\u00a0\u00bb:\u00a0\u00bb\u00a0\u00bb,\u00a0\u00bbcustom_css_classes\u00a0\u00bb:\u00a0\u00bb\u00a0\u00bb,\u00a0\u00bbcustom_css_styles\u00a0\u00bb:\u00a0\u00bb\u00a0\u00bb,\u00a0\u00bbimage\u00a0\u00bb:\u00a0\u00bbhttps:\/\/new.opensoft.sn\/wp-content\/uploads\/2025\/09\/uap-ac-pro-1-1024&#215;1024.webp|1501|1501|1040532&Prime;,\u00a0\u00bbalt\u00a0\u00bb:\u00a0\u00bb\u00a0\u00bb,\u00a0\u00bbthumb_size\u00a0\u00bb:\u00a0\u00bbfull\u00a0\u00bb}]}],\u00a0\u00bbsection_settings\u00a0\u00bb:\u00a0\u00bb\u00a0\u00bb},\u00a0\u00bbscripts\u00a0\u00bb:{\u00ab\u00a0components\u00a0\u00bb:\u00a0\u00bbtab-accordion.js\u00a0\u00bb,\u00a0\u00bbpagination\u00a0\u00bb:\u00a0\u00bbpagination.min.js\u00a0\u00bb},\u00a0\u00bbcss\u00a0\u00bb:{\u00ab\u00a0content_box\u00a0\u00bb:\u00a0\u00bbcss\/content-box.css\u00a0\u00bb,\u00a0\u00bbmedia_box\u00a0\u00bb:\u00a0\u00bbcss\/media-box.css\u00a0\u00bb},\u00a0\u00bbcss_page\u00a0\u00bb:\u00a0\u00bb\u00a0\u00bb,\u00a0\u00bbtemplate_setting\u00a0\u00bb:{},\u00a0\u00bbtemplate_setting_top\u00a0\u00bb:{},\u00a0\u00bbpage_setting\u00a0\u00bb:{\u00ab\u00a0settings\u00a0\u00bb:[\u00ab\u00a0lock-mode-off\u00a0\u00bb,\u00a0\u00bbinner_menu\u00a0\u00bb]}}<\/p>\n","protected":false},"author":5,"featured_media":0,"parent":0,"menu_order":0,"comment_status":"closed","ping_status":"closed","template":"","meta":{"footnotes":""},"class_list":["post-1040625","page","type-page","status-publish","hentry"],"_links":{"self":[{"href":"https:\/\/new.opensoft.sn\/index.php\/wp-json\/wp\/v2\/pages\/1040625","targetHints":{"allow":["GET"]}}],"collection":[{"href":"https:\/\/new.opensoft.sn\/index.php\/wp-json\/wp\/v2\/pages"}],"about":[{"href":"https:\/\/new.opensoft.sn\/index.php\/wp-json\/wp\/v2\/types\/page"}],"author":[{"embeddable":true,"href":"https:\/\/new.opensoft.sn\/index.php\/wp-json\/wp\/v2\/users\/5"}],"replies":[{"embeddable":true,"href":"https:\/\/new.opensoft.sn\/index.php\/wp-json\/wp\/v2\/comments?post=1040625"}],"version-history":[{"count":3,"href":"https:\/\/new.opensoft.sn\/index.php\/wp-json\/wp\/v2\/pages\/1040625\/revisions"}],"predecessor-version":[{"id":1040628,"href":"https:\/\/new.opensoft.sn\/index.php\/wp-json\/wp\/v2\/pages\/1040625\/revisions\/1040628"}],"wp:attachment":[{"href":"https:\/\/new.opensoft.sn\/index.php\/wp-json\/wp\/v2\/media?parent=1040625"}],"curies":[{"name":"wp","href":"https:\/\/api.w.org\/{rel}","templated":true}]}}